{"id":13699,"date":"2024-04-13T20:08:35","date_gmt":"2024-04-14T01:08:35","guid":{"rendered":"https:\/\/ccunisur.com\/web_nueva_version\/?page_id=13699"},"modified":"2024-07-30T20:48:49","modified_gmt":"2024-07-31T01:48:49","slug":"reglamento-de-mascotas","status":"publish","type":"page","link":"https:\/\/www.ccunisur.com\/index.php\/reglamento-de-mascotas\/","title":{"rendered":"Reglamento de mascotas"},"content":{"rendered":"<div id=\"cmsmasters_row_6f8b89558f\" class=\"cmsmasters_row cmsmasters_color_scheme_default cmsmasters_row_top_default cmsmasters_row_bot_default cmsmasters_row_boxed\">\n<div class=\"cmsmasters_row_outer_parent\">\n<div class=\"cmsmasters_row_outer\">\n<div class=\"cmsmasters_row_inner\">\n<div class=\"cmsmasters_row_margin\">\n<div class=\"cmsmasters_column one_first\">\n<div id=\"cmsmasters_heading_f83df95e7f\" class=\"cmsmasters_heading_wrap cmsmasters_heading_align_center\">\n\t<h1 class=\"cmsmasters_heading\">Reglamento de mascotas<\/h1>\n<\/div>\n<\/div>\n<\/div>\n<\/div>\n<\/div>\n<\/div>\n<\/div>\n<div id=\"cmsmasters_row_3df35cf6aa\" class=\"cmsmasters_row cmsmasters_color_scheme_default cmsmasters_row_top_default cmsmasters_row_bot_default cmsmasters_row_boxed\">\n<div class=\"cmsmasters_row_outer_parent\">\n<div class=\"cmsmasters_row_outer\">\n<div class=\"cmsmasters_row_inner\">\n<div class=\"cmsmasters_row_margin\">\n<div class=\"cmsmasters_column one_first\">\n<div id=\"cmsmasters_heading_94dc64a50a\" class=\"cmsmasters_heading_wrap cmsmasters_heading_align_left\">\n\t<h2 class=\"cmsmasters_heading\">Reglamento de mascotas<\/h2>\n<\/div><div class=\"cmsmasters_text\">\n<ol>\n<li>Las mascotas que ingresen al Centro Comercial necesariamente, y sin excepci\u00f3n, deben estar acompa\u00f1adas y a cargo, todo el tiempo, por un adulto responsable, as\u00ed asista en compa\u00f1\u00eda de un menor. Ning\u00fan ni\u00f1o, o menor de edad, por ninguna circunstancia, debe estar s\u00f3lo con su mascota.<\/li>\n<li>Los propietarios o tenedores de mascotas deben portar el carn\u00e9 de vacunaci\u00f3n de su mascota al d\u00eda. En cualquier momento puede ser solicitado y verificado por el \u00e1rea de seguridad del Centro comercial.<\/li>\n<li>Todas las mascotas deber\u00e1n portar constantemente la correa o tirilla y el respectivo collar, mientras, mientras permanezcan en el Centro Comercial, el cual deber\u00e1 contener la placa de identificaci\u00f3n de la mascota, en ning\u00fan momento podr\u00e1n transitar sueltas. Tampoco se permite que suban o bajen por las escaleras el\u00e9ctricas o ascensores.<\/li>\n<li>De acuerdo con la ley 746 de 2002 \u2013 articulo 108 F (Ejemplares caninos potencialmente peligrosos) y en caso de que la mascota pertenezca a una de esas razas, deber\u00e1 portar todo el tiempo bozal o correa.<\/li>\n<li>Est\u00e1 rotundamente prohibida la circulaci\u00f3n de las mascotas por las zonas, cinemas, ba\u00f1os, tampoco pueden estar deambulando por los parqueaderos, teniendo en cuenta que no pueden permanecer dentro de los veh\u00edculos estacionados en la zona de parqueo.<\/li>\n<li>Para mantener un espacio limpio y agradable, los due\u00f1os de las mascotas deben evitar que hagan sus necesidades fisiol\u00f3gicas dentro del Centro Comercial y en caso de que se presente la eventualidad deben portar todos los implementos de aseo para recoger y limpiar.<\/li>\n<li>En ning\u00fan momento se permite el ingreso al Centro Comercial de aquellas personas que lleven m\u00e1s de dos mascotas, o que cumplan la funci\u00f3n \u201cde paseadores de perros\u201d.<\/li>\n<li>Las mascotas no podr\u00e1n estar dentro de aglomeraciones de personas, es decir eventos p\u00fablicos que se realicen en una zona reducida y sin espacio para las mascotas. \u00danicamente en las actividades programadas especialmente para ellas.<\/li>\n<li>Evite el ingreso de su mascota cuando est\u00e9 en periodo estral (com\u00fanmente conocido como celo) ya que esto puede causar peleas con otras mascotas.<\/li>\n<li>Al ingreso al Centro Comercial con un animal de compa\u00f1\u00eda se hace por cuenta y riesgo aut\u00f3nomo, por tanto, el due\u00f1o o tenedor ser\u00e1 responsable ante cualquier visitante, animal o propietario de la mascota que resulte afectado en su integridad f\u00edsica y\/o su vida por alguna eventualidad y en caso de que llegara a suceder este evento, el due\u00f1o o tenedor ser\u00e1 responsable de los da\u00f1os que estos causen a cualquier persona, a los bienes muebles e inmuebles e la copropiedad o a un tercero visitante al Centro Comercial.<\/li>\n<li>Al ingresar el propietario de la mascota exonera a la copropiedad de toda responsabilidad civil, extracontractual, administrativa o penal por causa alguna situaci\u00f3n de ri\u00f1a, ataque o acto efectuado por la mascota, y, por ende, se obliga a indemnizar al Centro Comercial o a terceras personas por todos los perjuicios que le ocasione y por los gastos m\u00e9dicos o de cualquier otra \u00edndole, en los que se tenga que incurrir.<\/li>\n<li>Por ninguna situaci\u00f3n que se presente durante su visita, el Centro Comercial, ni la administraci\u00f3n de la copropiedad, ni la compa\u00f1\u00eda de vigilancia y seguridad, ni mucho menos sus empleados se hacen responsables de las mascotas que resulten abandonadas o extraviadas por descuido de su amo.<\/li>\n<li>Los propietarios, arrendatarios y\/o administradores de los locales comerciales, oficinas, stands y bodegas ubicadas dentro del Centro Comercial se reservan el derecho de determinar si las mascotas pueden ingresar o no a sus establecimientos de comercio.<\/li>\n<li>Es deber de los due\u00f1os o tenedores de las mascotas dar cumplimiento a las disposiciones legales sobre la tenencia de mascotas, referente a todas las medidas de seguridad, salubridad e higiene.<\/li>\n<li>En Unisur respetamos y velamos por la protecci\u00f3n de los seres sintientes que visitan nuestras instalaciones. Por tanto, de conformidad con la ley 1774 de 2016 cuando se evidencia alg\u00fan tipo de maltrato, abuso, violencia o trato cruel por parte de los tenedores u otras personas, hacia las mascotas que se encuentren dentro de las instalaciones del Centro Comercial, daremos aviso INMEDIATO a las autoridades competentes, para que tomen las medidas de protecci\u00f3n establecidas en la ley.<\/li>\n<li>No se permitir\u00e1 el ingreso de las mascotas que no cumplan con toda la normatividad establecida.<\/li>\n<li>El Centro Comercial se reserva el derecho de admisi\u00f3n y permanencia en que lo considere pertinente, con el fin de garantizar la seguridad de sus clientes y visitantes.<\/li>\n<\/ol>\n<\/div>\n<\/div>\n<\/div>\n<\/div>\n<\/div>\n<\/div>\n<\/div>\n\n","protected":false},"excerpt":{"rendered":"","protected":false},"author":1,"featured_media":0,"parent":0,"menu_order":0,"comment_status":"closed","ping_status":"closed","template":"","meta":{"footnotes":""},"class_list":["post-13699","page","type-page","status-publish","hentry"],"_links":{"self":[{"href":"https:\/\/www.ccunisur.com\/index.php\/wp-json\/wp\/v2\/pages\/13699","targetHints":{"allow":["GET"]}}],"collection":[{"href":"https:\/\/www.ccunisur.com\/index.php\/wp-json\/wp\/v2\/pages"}],"about":[{"href":"https:\/\/www.ccunisur.com\/index.php\/wp-json\/wp\/v2\/types\/page"}],"author":[{"embeddable":true,"href":"https:\/\/www.ccunisur.com\/index.php\/wp-json\/wp\/v2\/users\/1"}],"replies":[{"embeddable":true,"href":"https:\/\/www.ccunisur.com\/index.php\/wp-json\/wp\/v2\/comments?post=13699"}],"version-history":[{"count":6,"href":"https:\/\/www.ccunisur.com\/index.php\/wp-json\/wp\/v2\/pages\/13699\/revisions"}],"predecessor-version":[{"id":14547,"href":"https:\/\/www.ccunisur.com\/index.php\/wp-json\/wp\/v2\/pages\/13699\/revisions\/14547"}],"wp:attachment":[{"href":"https:\/\/www.ccunisur.com\/index.php\/wp-json\/wp\/v2\/media?parent=13699"}],"curies":[{"name":"wp","href":"https:\/\/api.w.org\/{rel}","templated":true}]}}