{"id":13713,"date":"2024-04-12T20:20:15","date_gmt":"2024-04-13T01:20:15","guid":{"rendered":"https:\/\/ccunisur.com\/web_nueva_version\/?page_id=13713"},"modified":"2025-03-26T12:25:46","modified_gmt":"2025-03-26T17:25:46","slug":"parqueadero","status":"publish","type":"page","link":"https:\/\/www.ccunisur.com\/index.php\/parqueadero\/","title":{"rendered":"Parqueadero"},"content":{"rendered":"<div id=\"cmsmasters_row_6f8b89558f\" class=\"cmsmasters_row cmsmasters_color_scheme_default cmsmasters_row_top_default cmsmasters_row_bot_default cmsmasters_row_boxed\">\n<div class=\"cmsmasters_row_outer_parent\">\n<div class=\"cmsmasters_row_outer\">\n<div class=\"cmsmasters_row_inner\">\n<div class=\"cmsmasters_row_margin\">\n<div class=\"cmsmasters_column one_first\">\n<div id=\"cmsmasters_heading_f83df95e7f\" class=\"cmsmasters_heading_wrap cmsmasters_heading_align_center\">\n\t<h1 class=\"cmsmasters_heading\">Parqueadero<\/h1>\n<\/div>\n<\/div>\n<\/div>\n<\/div>\n<\/div>\n<\/div>\n<\/div>\n<div id=\"cmsmasters_row_8e5883fff5\" class=\"cmsmasters_row cmsmasters_color_scheme_default cmsmasters_row_top_default cmsmasters_row_bot_default cmsmasters_row_fullwidth\">\n<div class=\"cmsmasters_row_outer_parent\">\n<div class=\"cmsmasters_row_outer\">\n<div class=\"cmsmasters_row_inner cmsmasters_row_fullwidth cmsmasters_row_no_margin\">\n<div class=\"cmsmasters_row_margin\">\n<div class=\"cmsmasters_column one_first\">\n<div id=\"cmsmasters_divider_zu91nx9pwc\" class=\"cl\"><\/div>\n<div id=\"cmsmasters_heading_a57798a9ec\" class=\"cmsmasters_heading_wrap cmsmasters_heading_align_center\">\n\t<h1 class=\"cmsmasters_heading\">Tarifas de estacionamiento<\/h1>\n<\/div>\n<\/div>\n<\/div>\n<\/div>\n<\/div>\n<\/div>\n<\/div>\n<div id=\"cmsmasters_row_uviz0kowzo\" class=\"cmsmasters_row cmsmasters_color_scheme_default cmsmasters_row_top_default cmsmasters_row_bot_default cmsmasters_row_boxed\">\n<div class=\"cmsmasters_row_outer_parent\">\n<div class=\"cmsmasters_row_outer\">\n<div class=\"cmsmasters_row_inner\">\n<div class=\"cmsmasters_row_margin\">\n<div class=\"cmsmasters_column one_first\">\n<div class=\"cmsmasters_text\">\n<p><b>\u00a1<\/b><b>Recuerda <\/b><b>pagar tu tiquete!<\/b><\/p>\n<p>Antes de retirar tu veh\u00edculo realiza el pago de parqueadero en el <b>Punto de pago entrada N\u00b02 al respaldo del punto de informaci\u00f3n<\/b><\/p>\n<p>Recuerda que tienes <b>15 minutos <\/b>despu\u00e9s del pago para salir.<\/p>\n<\/div>\n<div class=\"cmsmasters_wrap_table\"><table class=\"cmsmasters_table padding: 10%\"><caption><\/caption><tr><td class=\"cmsmasters_table_cell_alignleft\">Veh\u00edculos, motos y bicimotos \u2013 Desde el momento del ingreso hasta las primeras 5 Horas. <\/td><td class=\"cmsmasters_table_cell_alignleft\">$5.000<\/td><\/tr><tr><td class=\"cmsmasters_table_cell_alignleft\">Hora y\/o fracci\u00f3n \u2013 Luego de las 5 primeras horas despu\u00e9s del ingreso <\/td><td class=\"cmsmasters_table_cell_alignleft\">$2.000<\/td><\/tr><tr><td class=\"cmsmasters_table_cell_alignleft\">Bicicletas \u2013 Tarifa \u00fanica <\/td><td class=\"cmsmasters_table_cell_alignleft\">$2.000<\/td><\/tr><tr><td class=\"cmsmasters_table_cell_alignleft\">Pernota de veh\u00edculos y motos \u2013 Cobro desde las 12:00 am hasta las 5:00 am <\/td><td class=\"cmsmasters_table_cell_alignleft\">$30.000<\/td><\/tr><tr><td class=\"cmsmasters_table_cell_alignleft\">Pernota de Bicicletas &#8211; Cobro desde las 12:00 am hasta las 5:00 am <\/td><td class=\"cmsmasters_table_cell_alignleft\">$6.000<\/td><\/tr><tr><td class=\"cmsmasters_table_cell_alignleft\">P\u00e9rdida de tiquetes de veh\u00edculos y motos <\/td><td class=\"cmsmasters_table_cell_alignleft\">$20.000<\/td><\/tr><tr><td class=\"cmsmasters_table_cell_alignleft\">P\u00e9rdida de tiquetes de bicicletas <\/td><td class=\"cmsmasters_table_cell_alignleft\">$5.000<\/td><\/tr><\/table><\/div>\n<\/div>\n<\/div>\n<\/div>\n<\/div>\n<\/div>\n<\/div>\n<div id=\"cmsmasters_row_k0zof3q23h\" class=\"cmsmasters_row cmsmasters_color_scheme_default cmsmasters_row_top_default cmsmasters_row_bot_default cmsmasters_row_boxed\">\n<div class=\"cmsmasters_row_outer_parent\">\n<div class=\"cmsmasters_row_outer\">\n<div class=\"cmsmasters_row_inner\">\n<div class=\"cmsmasters_row_margin\">\n<div class=\"cmsmasters_column one_first\">\n<div id=\"cmsmasters_heading_6gftmqe5e\" class=\"cmsmasters_heading_wrap cmsmasters_heading_align_center\">\n\t<h1 class=\"cmsmasters_heading\">Convenios<\/h1>\n<\/div><div class=\"cmsmasters_wrap_table\"><table class=\"cmsmasters_table padding: 10%\"><caption><\/caption><tr><td class=\"cmsmasters_table_cell_alignleft\">Ol\u00edmpica \u2013 Por compras superiores a $30.000 en Ol\u00edmpica, presentando el tiquete de parqueadero con el sello Ol\u00edmpica. Tendr\u00e1s derecho a 2 horas gratis de parqueadero <\/td><\/tr><tr><td class=\"cmsmasters_table_cell_alignleft\">Cinemas Procinal \u2013 Exclusivo para clientes Procinal. Con el sello del cinema en el tiquete de parqueo, tendr\u00e1 derecho a una tarifa m\u00ednima de $1.500 por las primeras 5 horas <\/td><\/tr><tr><td class=\"cmsmasters_table_cell_alignleft\">Lavadero \u2013 Por lavar tu veh\u00edculo dentro de las instalaciones del Centro Comercial, se colocar\u00e1 un sticker en el tiquete de parqueadero. Tendr\u00e1s derecho a 3 horas gratis de parqueadero. <\/td><\/tr><\/table><\/div>\n<\/div>\n<div class=\"cmsmasters_column one_first\">\n<\/div>\n<\/div>\n<\/div>\n<\/div>\n<\/div>\n<\/div>\n<div id=\"cmsmasters_row_0mqm1fr8cl\" class=\"cmsmasters_row cmsmasters_color_scheme_default cmsmasters_row_top_default cmsmasters_row_bot_default cmsmasters_row_boxed\">\n<div class=\"cmsmasters_row_outer_parent\">\n<div class=\"cmsmasters_row_outer\">\n<div class=\"cmsmasters_row_inner\">\n<div class=\"cmsmasters_row_margin\">\n<div class=\"cmsmasters_column one_first\">\n<div id=\"cmsmasters_heading_pokvvk115s\" class=\"cmsmasters_heading_wrap cmsmasters_heading_align_center\">\n\t<h1 class=\"cmsmasters_heading\">Reglamento B\u00e1sico del Parqueadero<\/h1>\n<\/div>\n<div id=\"cmsmasters_divider_bcf81irinh\" class=\"cl\"><\/div>\n<div class=\"cmsmasters_text\">\n<ol>\n<li>Conserve su tiquete en un lugar seguro. No lo deje dentro del veh\u00edculo. Sin el respectivo tiquete no se entregar\u00e1 el veh\u00edculo.<\/li>\n<li>En caso de p\u00e9rdida del tiquete. El veh\u00edculo se entregar\u00e1, previa identificaci\u00f3n a quien figure como propietario en la licencia de tr\u00e1nsito (tiquete de propiedad). En este caso adem\u00e1s del tiempo de parqueo, se cobrar\u00e1 la sanci\u00f3n establecida por perdida en el punto de pago.<\/li>\n<li>Antes de retirar el veh\u00edculo debe cancelar el valor por el uso del parqueadero<\/li>\n<li>Es deber y obligaci\u00f3n del usuario dejar el veh\u00edculo bien cerrado con seguro, adem\u00e1s de verificar la activaci\u00f3n de los dispositivos de seguridad con los que cuenta.<\/li>\n<li>El servicio de parqueadero se presta en el horario que se encuentra abierto al p\u00fablico.<\/li>\n<li>El Centro Comercial no se hace responsable de variaciones, da\u00f1os o alg\u00fan deterioro proveniente o a consecuencia de caso fortuito o fuerza mayor.<\/li>\n<li>Los elementos NO integrales del veh\u00edculo deben reportarse y dejar en custodia del personal de seguridad, en caso de no hacerlo, no habr\u00e1 responsabilidad alguna del Centro Comercial.<\/li>\n<li>Se responder\u00e1 \u00fanicamente en los casos se\u00f1alados en la ley.<\/li>\n<li>Las tarifas y dem\u00e1s datos relacionados con el parqueadero los encuentra en los puntos de pago.<\/li>\n<li>Usted contar\u00e1 con un tiempo de 15 minutos despu\u00e9s de generar el pago para retirarse del Centro Comercial.<\/li>\n<\/ol>\n<p><b>PROCEDIMIENTO B\u00c1SICO DE RECLAMACIONES<\/b><\/p>\n<ol>\n<li>Diligenciar el reporte de incidentes que podr\u00e1 solicitar en los puntos de pago.<\/li>\n<li>Una vez el Centro Comercial reciba la reclamaci\u00f3n proceder\u00e1 a dar respuesta a la misma dentro de los 15 d\u00edas h\u00e1biles siguientes y ser\u00e1 remitido al correo electr\u00f3nico reportado.<\/li>\n<li>En caso afirmativo se le notificar\u00e1 en ello al quejoso para que radique los documentos solicitados en la oficina de administraci\u00f3n.<\/li>\n<li>En caso negativo se le comunicar\u00e1 dicha situaci\u00f3n al usuario, con el respectivo soporte.<\/li>\n<\/ol>\n<\/div>\n<\/div>\n<\/div>\n<\/div>\n<\/div>\n<\/div>\n<\/div>\n\n","protected":false},"excerpt":{"rendered":"","protected":false},"author":1,"featured_media":0,"parent":0,"menu_order":0,"comment_status":"closed","ping_status":"closed","template":"","meta":{"footnotes":""},"class_list":["post-13713","page","type-page","status-publish","hentry"],"_links":{"self":[{"href":"https:\/\/www.ccunisur.com\/index.php\/wp-json\/wp\/v2\/pages\/13713","targetHints":{"allow":["GET"]}}],"collection":[{"href":"https:\/\/www.ccunisur.com\/index.php\/wp-json\/wp\/v2\/pages"}],"about":[{"href":"https:\/\/www.ccunisur.com\/index.php\/wp-json\/wp\/v2\/types\/page"}],"author":[{"embeddable":true,"href":"https:\/\/www.ccunisur.com\/index.php\/wp-json\/wp\/v2\/users\/1"}],"replies":[{"embeddable":true,"href":"https:\/\/www.ccunisur.com\/index.php\/wp-json\/wp\/v2\/comments?post=13713"}],"version-history":[{"count":29,"href":"https:\/\/www.ccunisur.com\/index.php\/wp-json\/wp\/v2\/pages\/13713\/revisions"}],"predecessor-version":[{"id":14724,"href":"https:\/\/www.ccunisur.com\/index.php\/wp-json\/wp\/v2\/pages\/13713\/revisions\/14724"}],"wp:attachment":[{"href":"https:\/\/www.ccunisur.com\/index.php\/wp-json\/wp\/v2\/media?parent=13713"}],"curies":[{"name":"wp","href":"https:\/\/api.w.org\/{rel}","templated":true}]}}